{"id":37,"date":"2016-08-11T17:57:24","date_gmt":"2016-08-11T17:57:24","guid":{"rendered":"http:\/\/magnetschmuckonline.info\/?page_id=37"},"modified":"2018-02-13T15:26:03","modified_gmt":"2018-02-13T15:26:03","slug":"test-2","status":"publish","type":"page","link":"https:\/\/magnetschmuckonline.info\/?page_id=37","title":{"rendered":"FAQ"},"content":{"rendered":"<h3>H\u00e4ufige Fragen<\/h3>\n<p><img decoding=\"async\" src=\"http:\/\/magnetschmuckonline.info\/wp-content\/uploads\/2016\/08\/index-201501311731151-150x150.jpg\" alt=\"index-201501311731151\" \/><\/p>\n<p>Nicht selten bekomme ich Fragen zu der Wirkung und Pflege meines Schmucks. Mit meiner 14-Tage Geld-Zur\u00fcck-Garantie kannst Du ohne Risiko mein Produkt schnell f\u00fcr Dich nutzen um gut auszusehen und Dich wohl zu f\u00fchlen!<\/p>\n<p>Schon die alten \u00c4gypter und Chinesen wussten, dass Magnete die K\u00f6rperfunktion g\u00fcnstig beeinflussen k\u00f6nnen. Magnete verbessern die Blutzirkulation des Organismus, steigern die Sauerstoffzufuhr zu den Zellen.<\/p>\n<p>Die Kollektion ist Nickelallergienfrei.<\/p>\n<p><strong>Wie lange dauert es, bis die Magnettherapie wirkt?<\/strong><br \/>\nManche Menschen versp\u00fcren die ersten positiven Wirkungen innerhalb weniger Tage. Andere wiederum beginnen erst nach 2-3 Wochen Ver\u00e4nderungen festzustellen. Dies ist individuell verschieden. Es kommt auf verschiedene Faktoren an, wie zum Bespiel die Art und Dauer der Beschwerde(n). Normalerweise sind erste Zeichen daf\u00fcr, dass die Magnettherapie wirkt, eine Erh\u00f6hung des Energielevels und ein besseres allgemeines Wohlbefinden.<\/p>\n<p><strong>Sollte ich den Magnetschmuck ununterbrochen tragen?<\/strong><br \/>\nSie k\u00f6nnen Ihren Magnetschmuck Tag und Nacht tragen. Manche Menschen legen ihren Schmuck nie ab, andere tragen ihn nur tags\u00fcber oder nur nachts. Da das Magnetfeld der Erde nachts schw\u00e4cher ist, reicht es normalerweise, den Schmuck nur tags\u00fcber zu tragen. Magnettherapie ist eine nat\u00fcrliche Therapie und Individuen reagieren unterschiedlich darauf. Probieren Sie was f\u00fcr Sie am besten wirkt!<\/p>\n<p><strong>Sollte der Magnetschmuck die Haut ber\u00fchren?<\/strong><br \/>\nSie k\u00f6nnen zum Beispiel Ihr Armband locker an Ihrem Handgelenk tragen. Die Magnete sind stark genug um einen positiven Einfluss auch mit einiger Distanz zur Haut zu haben. Die Kraft der Magnete entfaltet sich, anders als bei der Akupressur nicht \u00fcber den Druck.<\/p>\n<p><strong>Magnete.<\/strong><br \/>\nDie Schmuckst\u00fccke enthalten, wenn nicht anders angegeben, einen oder mehrere Neodym-Magnete mit normalerweise 0,12 Tesla St\u00e4rke<strong>.<\/strong><br \/>\nNeodym-Magnete sind neuesten, st\u00e4rksten und teuersten Magnete. Sie verlieren nur ca.1-3% seiner St\u00e4rke in 100 Jahre.<br \/>\nMagnete k\u00f6nnen Kredit-und andere Magnetkarten besch\u00e4digen. Bitte bewahren Sie diese entfernt von Magnetschmuck und Accessoires auf.<\/p>\n<p><strong>Wie kann ich mein Kupferarmband reinigen?<\/strong><br \/>\nNehmen Sie ein kleines St\u00fcck Zitrone oder Zitronensaft und reinigen Sie damit das Kupfer. Danach mit klarem Wasser absp\u00fclen. Sie k\u00f6nnen auch Essig verwenden, das duftet aber nicht so frisch.<\/p>\n<p><strong>Was muss ich bei der Pflege des Schmucks beachten?<\/strong><br \/>\nEingesetzte Steine oder Magnete k\u00f6nnen herausfallen. Deshalb empfehlen wir, den Schmuck vor dem Kontakt mit Wasser abzulegen. Auch Haarspray, Parf\u00fcm, Creme, Deodorant, Waschmittel etc. k\u00f6nnen den Schmuck besch\u00e4digen! Zur Reinigung benutzen Sie am besten eines unserer Schmuckpoliert\u00fccher.<\/p>\n<p><strong>Woher wei\u00df ich, welche Gr\u00f6\u00dfe die richtige ist?<\/strong><br \/>\nArmb\u00e4nder:<br \/>\nXS = 15cm, S = 16 cm, M = 17,3 cm, L = 18,5 cm, XL = 20 cm, XXL = 22,5 cm<br \/>\nS-XL = 16,5 &#8211; 20 cm, L-XXL = 19,5 &#8211; 23 cm<br \/>\nM-L = 17,3 &#8211; 18,8 cm, XL-XXL = 20 &#8211; 21,5<\/p>\n<p>Kinderarmb\u00e4nder:<br \/>\nL\u00e4nge ca. 15,5 cm (beliebig k\u00fcrzbar)<\/p>\n<p>Halsketten:<br \/>\nS = 38 cm, M = 42 cm, L = 45 cm, XL = 50 cm, XXL = 60 cm, XXXL = 70 cm, XXXXL = 90cm<\/p>\n<p><strong>ACHTUNG:<\/strong><\/p>\n<p>Magnete k\u00f6nnen Kredit- und andere Magnetkarten besch\u00e4digen. Bitte entfernt aufbewahren.<\/p>\n<p><strong>Personen, die einen Herzschrittmacher tragen sollten sich beim Herzschrittmachehersteller informieren, ob sie Magnetschmuck tragen d\u00fcrfen.<\/strong><\/p>\n<p>Die Magnettherapie wurde bereits 3000 v. Chr. bei den \u00c4gyptern als Behandlungsmethode angewendet und wird auch heute noch bei Hochleistungssportlern verwendet.<\/p>\n","protected":false},"excerpt":{"rendered":"<p>H\u00e4ufige Fragen Nicht selten bekomme ich Fragen zu der Wirkung und Pflege meines Schmucks. Mit meiner 14-Tage Geld-Zur\u00fcck-Garantie kannst Du ohne Risiko mein Produkt schnell f\u00fcr Dich nutzen um gut auszusehen und Dich wohl zu f\u00fchlen! Schon die alten \u00c4gypter und Chinesen wussten, dass Magnete die K\u00f6rperfunktion g\u00fcnstig beeinflussen k\u00f6nnen. Magnete verbessern die Blutzirkulation des&hellip;<\/p>\n","protected":false},"author":1,"featured_media":0,"parent":0,"menu_order":3,"comment_status":"closed","ping_status":"closed","template":"","meta":{"_acf_changed":false,"footnotes":""},"class_list":["post-37","page","type-page","status-publish","hentry"],"acf":[],"_links":{"self":[{"href":"https:\/\/magnetschmuckonline.info\/index.php?rest_route=\/wp\/v2\/pages\/37","targetHints":{"allow":["GET"]}}],"collection":[{"href":"https:\/\/magnetschmuckonline.info\/index.php?rest_route=\/wp\/v2\/pages"}],"about":[{"href":"https:\/\/magnetschmuckonline.info\/index.php?rest_route=\/wp\/v2\/types\/page"}],"author":[{"embeddable":true,"href":"https:\/\/magnetschmuckonline.info\/index.php?rest_route=\/wp\/v2\/users\/1"}],"replies":[{"embeddable":true,"href":"https:\/\/magnetschmuckonline.info\/index.php?rest_route=%2Fwp%2Fv2%2Fcomments&post=37"}],"version-history":[{"count":8,"href":"https:\/\/magnetschmuckonline.info\/index.php?rest_route=\/wp\/v2\/pages\/37\/revisions"}],"predecessor-version":[{"id":429,"href":"https:\/\/magnetschmuckonline.info\/index.php?rest_route=\/wp\/v2\/pages\/37\/revisions\/429"}],"wp:attachment":[{"href":"https:\/\/magnetschmuckonline.info\/index.php?rest_route=%2Fwp%2Fv2%2Fmedia&parent=37"}],"curies":[{"name":"wp","href":"https:\/\/api.w.org\/{rel}","templated":true}]}}