{"id":38,"date":"2016-08-11T17:57:24","date_gmt":"2016-08-11T17:57:24","guid":{"rendered":"http:\/\/magnetschmuckonline.info\/?page_id=38"},"modified":"2025-04-10T21:00:46","modified_gmt":"2025-04-10T21:00:46","slug":"test2","status":"publish","type":"page","link":"https:\/\/magnetschmuckonline.info\/?page_id=38","title":{"rendered":"Termine"},"content":{"rendered":"\n<h2>\n\t\tAktuelle Termine\n\t<\/h2>\n\t<p>&nbsp;<\/p>\n<p><a href=\"https:\/\/energetix.tv\/blaetterkataloge\/2020-2021\/WinterBK\/PP019EUR-NP-2020-ENERGETIX-DEENFR\/blaetterkatalog\/?sPartner=ida#page_1\" target=\"_blank\" rel=\"noopener\"><img loading=\"lazy\" decoding=\"async\" src=\"https:\/\/magnetschmuckonline.info\/wp-content\/uploads\/2020\/10\/\u00a9-ENERGETIX-2020-winter-01-260x300.jpg\" alt=\"\" width=\"136\" height=\"157\" \/> \u00a0 \u00a0<\/a>Du m\u00f6chtest jemandem etwas schenken &#8211; ENERGETIX bietet f\u00fcr jeden Charakter das Richtige!!!<\/p>\n<p>Hier anschauen und <strong>bei mir<\/strong> oder <a href=\"https:\/\/shop.energetix.tv\/de\/magazin\/geschenkideen?sPartner=ida\" target=\"_blank\" rel=\"noopener\"><strong>Online bestellen<\/strong><\/a><\/p>\n<p>&nbsp;<\/p>\n<strong><a href=\"https:\/\/gsundheitsmesse.de\/\" target=\"_blank\" rel=\"noopener\">GESUNDHEITSMESSE<\/a> in<br \/>\n<\/strong>SPORT-UND VERANSTALTUNGSZENTRUM <strong>Landsberg am Lech am:<br \/>\n<\/strong><strong>Samstag 26.04. um <\/strong><strong>10.00 &#8211; 17.00\u00a0 Uhr<\/strong><strong><br \/>\n<\/strong><strong>Sonntag 27.04\u00a0 um 10.00 &#8211; 17.00\u00a0 Uhr<\/strong>\n<p>Hungerbachweg 1, 86899 Landsberg<\/p>\nHier ist direkter Zugang zum Ticketkauf: <a href=\"https:\/\/www.eventbrite.de\/e\/gsundheitsmesse-landsberg-am-lech-tickets-1237464271949\" target=\"_blank\" rel=\"noopener\">Gsundheitsmesse.de<\/a><br \/>\n<strong>Rabattcode<\/strong> f\u00fcr Deine pers\u00f6nliche digitale <strong>Freikarte<\/strong>: <strong>energetix100<\/strong>\n<p>Ein Event f\u00fcr die ganze Familie<\/p>\n<p>Ich freue mich, Dich bald pers\u00f6nlich in Landsberg zu sehen.<\/p>\n<p>&nbsp;<\/p>\n<p>&nbsp;<\/p>\n<p><em>\u00c4nderungen vorbehalten.<\/em><\/p>\nGern informiere ich Sie \u00fcber die Einzigartigkeit des Magnetprodukts auch bei Ihnen Zuhause, im Verein, im B\u00fcro&#8230;<br \/>\n Termine nach Vereinbarung Tel: 0176 36378028<br \/>\n\n<p><a href=\"https:\/\/ida.energetix.tv\/schmuckparty.aspx?loc=de\" target=\"_blank\" rel=\"noopener\"><img loading=\"lazy\" decoding=\"async\" src=\"http:\/\/magnetschmuckonline.info\/wp-content\/uploads\/2016\/08\/werden-Sie-Gastgeberin-300x167.jpg\" alt=\"werden Sie Gastgeberin\" width=\"300\" height=\"167\" \/><\/a><\/p>\n<p> So sehen unsere aktuellen <a href=\"https:\/\/shop.energetix.tv\/de\/deine-party?sPartner=ida#emotion--1\" target=\"_blank\" rel=\"noopener\">Gastgeber-Angebote aus, von denen schon bald eines Ihnen geh\u00f6ren kann.<\/a><\/p>\n\t<p>Leute einladen, Spa\u00df haben, und dazu noch ein Gastgeber-Geschenk (10% vom Umsatz in Schmuckwert) erhalten!<\/p>\n\t<p><strong>Neu!<\/strong><\/p>\n<strong>Aus AMEGON\/CONLEI ist <a href=\"https:\/\/www.hn-naturleben.de\/\" target=\"_blank\" rel=\"noopener\">HN-NATURLEBEN<\/a> geworden!<br \/>\n<\/strong>Infos und Online-Bestellungen hier: <a href=\"https:\/\/www.hn-naturleben.de\/\" target=\"_blank\" rel=\"noopener\">www.hn-naturleben.de<\/a>\u00a0 Bei allen Fragen stehe ich gerne zur Verf\u00fcgung.\n<p><strong>Fr\u00fcher:<\/strong> Kein Geheimnis, dass f\u00fcr unsere Gesundheit die Bewegung, gutes Wasser, richtige Ern\u00e4hrung und auch die richtige K\u00f6rperpflege sehr wichtig sind. Bei allen vier ist Energetix sehr hilfreich. Zu letzten zwei biete ich vor kurzem noch zus\u00e4tzlich ganz tolle Produkte von Professor. Dr. Behrensdorf an. Diese Produkte vereinigen in sich uraltes Erfahrungswissen und moderne Naturwissenschaft.<\/p>\n<p>Lassen Sie sich von Amegon\/Conlei-Produkten genau so begeistern, wie ich mich. \ud83d\ude42<\/p>\n<p><a href=\"https:\/\/amegon.com\/wellness\/produktsortiment\/\" target=\"_blank\" rel=\"noopener\"><img loading=\"lazy\" decoding=\"async\" src=\"wp-content\/uploads\/2018\/10\/Made-in-Germany-1-292x300.jpg\" alt=\"\" width=\"154\" height=\"158\" \/><\/a><\/p>\n<p><em>PS: Der Dr. Johannes A. Behrensdorf ist Naturwissenschaftler (Chemiker und Biophysiker) mit jahrzehntelanger Erfahrung auf dem Gebiet der Erforschung von Lebensmitteln (speziell Nahrungserg\u00e4nzungsmitteln), K\u00f6rperpflege, Kosmetika, Parfums und Wasch- und Reinigungsmitteln. Eigene Forschung\/Entwicklung, eigene Produktion und ein eingespieltes Mitarbeiterteam in Bad Oldesloe erm\u00f6glichen eine g\u00fcnstige Kalkulationsbasis und damit g\u00fcnstige Kundenpreise.<\/em><\/p>\n\t\t<h2>Alle aktuellen Kataloge<\/h2>\n\t\t\t<a href=\"https:\/\/shop.energetix.tv\/de\/catalogs?sPartner=ida\" target=\"_blank\" rel=\"noopener\"  role=\"button\" aria-label=\"Hier klicken\">\n\t\t\t\t\t\t\tHier klicken\n\t\t<\/a>\n<h2>\n\t\t<a href=\"https:\/\/ida.energetix.tv\/\" title=\"Alle aktuelle Kataloge anschauen: hier klicken\" target=\"_blank\" rel=\"noopener\">\n\t\tAlle aktuelle Kataloge anschauen: hier klicken\n\t\t<\/a>\n\t<\/h2>\n<h3>\n\t\tVeranstaltungsorte zu Terminen von Ida Moskov\n\t<\/h3>\n\n","protected":false},"excerpt":{"rendered":"<p>Aktuelle Termine &nbsp; \u00a0 \u00a0Du m\u00f6chtest jemandem etwas schenken &#8211; ENERGETIX bietet f\u00fcr jeden Charakter das Richtige!!! Hier anschauen und bei mir oder Online bestellen &nbsp; GESUNDHEITSMESSE in SPORT-UND VERANSTALTUNGSZENTRUM Landsberg am Lech am: Samstag 26.04. um 10.00 &#8211; 17.00\u00a0 Uhr Sonntag 27.04\u00a0 um 10.00 &#8211; 17.00\u00a0 Uhr Hungerbachweg 1, 86899 Landsberg Hier ist direkter&hellip;<\/p>\n","protected":false},"author":1,"featured_media":0,"parent":0,"menu_order":1,"comment_status":"closed","ping_status":"closed","template":"","meta":{"_acf_changed":false,"footnotes":""},"class_list":["post-38","page","type-page","status-publish","hentry"],"acf":[],"_links":{"self":[{"href":"https:\/\/magnetschmuckonline.info\/index.php?rest_route=\/wp\/v2\/pages\/38","targetHints":{"allow":["GET"]}}],"collection":[{"href":"https:\/\/magnetschmuckonline.info\/index.php?rest_route=\/wp\/v2\/pages"}],"about":[{"href":"https:\/\/magnetschmuckonline.info\/index.php?rest_route=\/wp\/v2\/types\/page"}],"author":[{"embeddable":true,"href":"https:\/\/magnetschmuckonline.info\/index.php?rest_route=\/wp\/v2\/users\/1"}],"replies":[{"embeddable":true,"href":"https:\/\/magnetschmuckonline.info\/index.php?rest_route=%2Fwp%2Fv2%2Fcomments&post=38"}],"version-history":[{"count":209,"href":"https:\/\/magnetschmuckonline.info\/index.php?rest_route=\/wp\/v2\/pages\/38\/revisions"}],"predecessor-version":[{"id":767,"href":"https:\/\/magnetschmuckonline.info\/index.php?rest_route=\/wp\/v2\/pages\/38\/revisions\/767"}],"wp:attachment":[{"href":"https:\/\/magnetschmuckonline.info\/index.php?rest_route=%2Fwp%2Fv2%2Fmedia&parent=38"}],"curies":[{"name":"wp","href":"https:\/\/api.w.org\/{rel}","templated":true}]}}