{"id":62,"date":"2016-08-11T20:16:01","date_gmt":"2016-08-11T20:16:01","guid":{"rendered":"http:\/\/magnetschmuckonline.info\/?page_id=62"},"modified":"2023-02-16T16:02:20","modified_gmt":"2023-02-16T16:02:20","slug":"news","status":"publish","type":"page","link":"https:\/\/magnetschmuckonline.info\/?page_id=62","title":{"rendered":"News"},"content":{"rendered":"\n\n\t<p>&nbsp;<\/p>\n<p>&nbsp;<\/p>\n<p>Wir verschenken Magnet-Schmuck! Werden Sie Gastgeber\/in einer Schmuckpr\u00e4sentation. Laden Sie Freunde und Bekannte ein, erleben Sie die tolle Stimmung, profitieren Sie von den g\u00fcnstigen <a href=\"https:\/\/ida.energetix.tv\/schmuckparty.aspx\" target=\"_blank\" rel=\"noopener\">Gastgeber-Angebote<\/a> und erhalten Sie 10% vom Umsatz in Schmuckwert geschenkt!<\/p>\n<p> Schauen Sie sich alle <a href=\"https:\/\/ida.energetix.tv\/\" target=\"_blank\" rel=\"noopener\">aktuelle Kataloge Online an, hier klicken.<\/a><\/p>\nVideos von Energetix-Bingen in YouTube:<br \/>\n<a href=\"https:\/\/www.youtube.com\/watch?v=RFhjqWRLL2w&amp;t=2s\" target=\"_blank\" rel=\"noopener\"> Erleben Sie Higlights der Collektion Premiere 2017<\/a>, <a href=\"http:\/\/www.youtube.com\/watch?v=CrqGyw2a5cs\" target=\"_blank\" rel=\"noopener\">Imagefilm<\/a>, <a href=\"http:\/\/www.youtube.com\/watch?v=8I6kocSXIGA&amp;list=UU3pQ_t1RUXIq5qzAqUyPlZg&amp;index=9\" target=\"_blank\" rel=\"noopener\">Tata no Chance<\/a>, <a href=\"https:\/\/www.youtube.com\/watch?v=Ik0602xtgoQ\" target=\"_blank\" rel=\"noopener\">Collektion Premiere 2016<\/a>, <a href=\"http:\/\/www.youtube.com\/watch?v=YvvcMH_SCMY&amp;feature=youtu.be\" target=\"_blank\" rel=\"noopener\">Kataloglaunch 2014<\/a><br \/>\n<a href=\"http:\/\/de.frogblog.tv\/erleben-sie-die-highlights-des-kataloglaunchs-2013-in-einem-kurzen-film\/\" target=\"_blank\" rel=\"noopener\">Kataloglaunch 2013<\/a>, <a href=\"http:\/\/www.youtube.com\/watch?v=qMl75owyfso&amp;list=UU3pQ_t1RUXIq5qzAqUyPlZg&amp;index=5\" target=\"_blank\" rel=\"noopener\">Energetix Launch 2012<\/a>, <a href=\"http:\/\/www.youtube.com\/watch?v=_YJfCA6ebkE&amp;list=UU3pQ_t1RUXIq5qzAqUyPlZg&amp;index=12\" target=\"_blank\" rel=\"noopener\">Ministerin besucht Energetix<\/a> , <a href=\"http:\/\/www.youtube.com\/watch?v=pE8rWrvcjIc&amp;list=UU3pQ_t1RUXIq5qzAqUyPlZg&amp;index=10\" target=\"_blank\" rel=\"noopener\">Kataloglaunch 2011- 10 Jahre ENERGETIX<\/a>\nBuchtipp:<br \/>\n Fr. Dr. Verena Breitenbach, Fach\u00e4rztin und Autorin, stellt in einem Viedeointerview ihr neues Buch &#8222;Endlich gesund&#8220; vor. Ab sofort kann das kurze Viedeointerview bei YouTube angeschaut werden: <a href=\"https:\/\/www.youtube.com\/watch?v=pbegz-abmO8\" target=\"_blank\" rel=\"noopener\">hier\u00a0<\/a> \u00a0 Buch-Bestellungen gerne auch \u00fcber mich: <a href=\"mailto:Kontakt@MagnetschmuckOnline.info\">Kontakt@MagnetschmuckOnline.info<\/a>\n<p>Aktuelle Neuigkeiten auch im <a href=\"http:\/\/de.frogblog.tv\/\" target=\"_blank\" rel=\"noopener\">Frogblog by Energetix Bingen<\/a> z.B: <a href=\"http:\/\/de.frogblog.tv\/energetix-promis-erregen-mediale-aufmerksamkeit-das-exklusive-energetix-fotoshooting-mit-ronan-keating-und-franziska-knuppe\/\" target=\"_blank\" rel=\"noopener\">Fotoshooting mit Ronan Keating und Franziska Knuppe<\/a>, <a href=\"http:\/\/de.frogblog.tv\/energetix-in-der-presse\/\" target=\"_blank\" rel=\"noopener\">Energetix in der Presse<\/a><\/p>\n<p> Offizielle <a href=\"https:\/\/www.facebook.com\/pages\/ENERGETIX\/395459227231806\" target=\"_blank\" rel=\"noopener\">ENERGETIX Facebook-Seite<\/a><\/p>\n<p> Pers\u00f6nliche Facebook-Seite: <a href=\"http:\/\/www.facebook.com\/MagnetschmuckOnline\" target=\"_blank\" rel=\"noopener\">www.facebook.com\/MagnetschmuckOnline<\/a><\/p>\n<p>&nbsp;<\/p>\n<strong>Neu!<\/strong> Kein Geheimnis, dass f\u00fcr unsere Gesundheit die Bewegung, gutes Wasser, richtige Ern\u00e4hrung und nat\u00fcrlich die richtige K\u00f6rperpflege sehr wichtig sind. Bei allen vier ist Energetix sehr hilfreich. Zu letzten zwei biete ich vor kurzem noch zus\u00e4tzlich ganz tolle Produkte von Professor. Dr. Behrensdorf an. Diese Produkte vereinigen in sich\u00a0uraltes Erfahrungswissen und moderne Naturwissenschaft.<br \/>\nAlle Produkte sind biotechnologisch hergestellt fermentiert und patentiert.\n<p>Lassen Sie sich von Amegon\/Conlei-Produkten genau so begeistern, wie ich mich. \ud83d\ude42<\/p>\n<p>Kurzes Info ist hier: <a href=\"http:\/\/amegon.com\/wellness\/\" target=\"_blank\" rel=\"noopener\">http:\/\/wellness.amegon.com<\/a> Bei allen Fragen stehe ich gerne zur Verf\u00fcgung. <strong>Bonus!<\/strong> Bei Bestellungen von der Web-Seite bekommen Sie automatisch ein Club-Kunden-Rabatt 10%.<\/p>\n<p>Viel Freuede mit den Produkten \ud83d\ude42<\/p>\n<p><em>PS: Der Dr. Johannes A. Behrensdorf ist Naturwissenschaftler (Chemiker und Biophysiker) mit jahrzehntelanger Erfahrung auf dem Gebiet der Erforschung von Lebensmitteln (speziell Nahrungserg\u00e4nzungsmitteln), K\u00f6rperpflege, Kosmetika, Parfums und Wasch- und Reinigungsmitteln. Eigene Forschung\/Entwicklung, eigene Produktion und ein eingespieltes Mitarbeiterteam in Bad Oldesloe erm\u00f6glichen eine g\u00fcnstige Kalkulationsbasis und damit g\u00fcnstige Kundenpreise.<\/em><\/p>\n<p>&nbsp;<\/p>\nHaftungshinweis:<br \/>\n Trotz sorgf\u00e4ltiger inhaltlicher Kontrolle \u00fcbernehme ich keine Haftung f\u00fcr die Inhalte externer Links. F\u00fcr den Inhalt der verlinkten Seiten sind ausschlie\u00dflich deren Betreiber verantwortlich. Diese Erkl\u00e4rung gilt f\u00fcr alle auf diesem Webauftritt angebrachten Links.\n\n","protected":false},"excerpt":{"rendered":"<p>&nbsp; &nbsp; Wir verschenken Magnet-Schmuck! Werden Sie Gastgeber\/in einer Schmuckpr\u00e4sentation. Laden Sie Freunde und Bekannte ein, erleben Sie die tolle Stimmung, profitieren Sie von den g\u00fcnstigen Gastgeber-Angebote und erhalten Sie 10% vom Umsatz in Schmuckwert geschenkt! Schauen Sie sich alle aktuelle Kataloge Online an, hier klicken. Videos von Energetix-Bingen in YouTube: Erleben Sie Higlights der&hellip;<\/p>\n","protected":false},"author":1,"featured_media":0,"parent":0,"menu_order":8,"comment_status":"closed","ping_status":"closed","template":"","meta":{"_acf_changed":false,"footnotes":""},"class_list":["post-62","page","type-page","status-publish","hentry"],"acf":[],"_links":{"self":[{"href":"https:\/\/magnetschmuckonline.info\/index.php?rest_route=\/wp\/v2\/pages\/62","targetHints":{"allow":["GET"]}}],"collection":[{"href":"https:\/\/magnetschmuckonline.info\/index.php?rest_route=\/wp\/v2\/pages"}],"about":[{"href":"https:\/\/magnetschmuckonline.info\/index.php?rest_route=\/wp\/v2\/types\/page"}],"author":[{"embeddable":true,"href":"https:\/\/magnetschmuckonline.info\/index.php?rest_route=\/wp\/v2\/users\/1"}],"replies":[{"embeddable":true,"href":"https:\/\/magnetschmuckonline.info\/index.php?rest_route=%2Fwp%2Fv2%2Fcomments&post=62"}],"version-history":[{"count":26,"href":"https:\/\/magnetschmuckonline.info\/index.php?rest_route=\/wp\/v2\/pages\/62\/revisions"}],"predecessor-version":[{"id":755,"href":"https:\/\/magnetschmuckonline.info\/index.php?rest_route=\/wp\/v2\/pages\/62\/revisions\/755"}],"wp:attachment":[{"href":"https:\/\/magnetschmuckonline.info\/index.php?rest_route=%2Fwp%2Fv2%2Fmedia&parent=62"}],"curies":[{"name":"wp","href":"https:\/\/api.w.org\/{rel}","templated":true}]}}